{"id":6,"date":"2022-06-10T19:04:51","date_gmt":"2022-06-10T19:04:51","guid":{"rendered":"http:\/\/lepontdigital.com\/?page_id=6"},"modified":"2025-06-27T19:33:58","modified_gmt":"2025-06-27T19:33:58","slug":"inicio","status":"publish","type":"page","link":"https:\/\/lepontdigital.com\/","title":{"rendered":"Inicio"},"content":{"rendered":"\n<div class=\"wp-block-cover alignfull is-light\" style=\"min-height:581px\"><span aria-hidden=\"true\" class=\"has-nv-site-bg-background-color has-background-dim-0 wp-block-cover__gradient-background has-background-dim\"><\/span><video class=\"wp-block-cover__video-background intrinsic-ignore\" autoplay muted loop playsinline src=\"https:\/\/lepontdigital.com\/wp-content\/uploads\/2025\/06\/20250627_1627_Colorful-Gradient-Motion_simple_compose_01jysdqmd4eqqrjmpyfby6avbq.mp4\" data-object-fit=\"cover\"><\/video><div class=\"wp-block-cover__inner-container\">\n<div style=\"height:80px\" aria-hidden=\"true\" class=\"wp-block-spacer\"><\/div>\n\n\n\n<h1 class=\"has-text-align-center has-nv-site-bg-color has-text-color\">Unimos marcas con sus clientes.<\/h1>\n\n\n\n<p class=\"has-text-align-center has-nv-site-bg-color has-text-color\" style=\"font-size:25px;font-style:normal;font-weight:400\">Te ayudamos a crear, desarrollar y potenciar tu comunicaci\u00f3n gr\u00e1fica para llegar a nuevos clientes y fidelizar con los que ya ten\u00e9s.<\/p>\n\n\n\n<div class=\"wp-container-1 wp-block-buttons\">\n<div class=\"wp-block-button is-style-primary\"><a class=\"wp-block-button__link\" href=\"http:\/\/lepontdigital.com\/index.php\/hablemos\/\">Hablemos<\/a><\/div>\n\n\n\n<div class=\"wp-block-button is-style-secondary\"><a class=\"wp-block-button__link\" href=\"http:\/\/lepontdigital.com\/index.php\/hacemos\/\">Nuestros Trabajos<\/a><\/div>\n<\/div>\n\n\n\n<div style=\"height:80px\" aria-hidden=\"true\" class=\"wp-block-spacer\"><\/div>\n<\/div><\/div>\n\n\n\n<div style=\"height:80px\" aria-hidden=\"true\" class=\"wp-block-spacer\"><\/div>\n\n\n\n<div class=\"wp-block-columns\">\n<div class=\"wp-block-column\">\n<div class=\"wp-block-image icon-style is-style-default\"><figure class=\"aligncenter size-full is-resized\"><img loading=\"lazy\" src=\"http:\/\/lepontdigital.com\/wp-content\/uploads\/2022\/05\/somosboton.png\" alt=\"\" class=\"wp-image-28\" width=\"128\" height=\"128\" srcset=\"https:\/\/lepontdigital.com\/wp-content\/uploads\/2022\/05\/somosboton.png 512w, https:\/\/lepontdigital.com\/wp-content\/uploads\/2022\/05\/somosboton-300x300.png 300w, https:\/\/lepontdigital.com\/wp-content\/uploads\/2022\/05\/somosboton-150x150.png 150w\" sizes=\"(max-width: 128px) 100vw, 128px\" \/><\/figure><\/div>\n\n\n\n<h3 class=\"has-text-align-center has-neve-text-color-color has-text-color\">Somos<\/h3>\n\n\n\n<p class=\"has-text-align-center\">Profesionales del Dise\u00f1o,<br>Curiosos y apasionados por lo que hacemos.<\/p>\n\n\n\n<div style=\"height:20px\" aria-hidden=\"true\" class=\"wp-block-spacer\"><\/div>\n<\/div>\n\n\n\n<div class=\"wp-block-column\">\n<div class=\"wp-block-image icon-style is-style-default\"><figure class=\"aligncenter size-full is-resized\"><img loading=\"lazy\" src=\"http:\/\/lepontdigital.com\/wp-content\/uploads\/2022\/05\/creamosboton.png\" alt=\"\" class=\"wp-image-27\" width=\"128\" height=\"128\" srcset=\"https:\/\/lepontdigital.com\/wp-content\/uploads\/2022\/05\/creamosboton.png 512w, https:\/\/lepontdigital.com\/wp-content\/uploads\/2022\/05\/creamosboton-300x300.png 300w, https:\/\/lepontdigital.com\/wp-content\/uploads\/2022\/05\/creamosboton-150x150.png 150w\" sizes=\"(max-width: 128px) 100vw, 128px\" \/><\/figure><\/div>\n\n\n\n<h3 class=\"has-text-align-center has-neve-text-color-color has-text-color\">Hacemos<\/h3>\n\n\n\n<p class=\"has-text-align-center\">Identidad visual, Experiencias de usuario, Webs atractivas y publicaciones impactantes.<\/p>\n\n\n\n<div style=\"height:20px\" aria-hidden=\"true\" class=\"wp-block-spacer\"><\/div>\n<\/div>\n\n\n\n<div class=\"wp-block-column\">\n<div class=\"wp-block-image icon-style is-style-rounded\"><figure class=\"aligncenter size-full is-resized\"><img loading=\"lazy\" src=\"http:\/\/lepontdigital.com\/wp-content\/uploads\/2022\/05\/comoboton.png\" alt=\"\" class=\"wp-image-25\" width=\"128\" height=\"128\" srcset=\"https:\/\/lepontdigital.com\/wp-content\/uploads\/2022\/05\/comoboton.png 512w, https:\/\/lepontdigital.com\/wp-content\/uploads\/2022\/05\/comoboton-300x300.png 300w, https:\/\/lepontdigital.com\/wp-content\/uploads\/2022\/05\/comoboton-150x150.png 150w\" sizes=\"(max-width: 128px) 100vw, 128px\" \/><\/figure><\/div>\n\n\n\n<h3 class=\"has-text-align-center has-neve-text-color-color has-text-color\">\u00bfC\u00f3mo?<\/h3>\n\n\n\n<p class=\"has-text-align-center\">Investigamos, Asesoramos y resolvemos sobre cada caso en particular.<\/p>\n\n\n\n<div style=\"height:20px\" aria-hidden=\"true\" class=\"wp-block-spacer\"><\/div>\n<\/div>\n\n\n\n<div class=\"wp-block-column\">\n<div class=\"wp-block-image icon-style is-style-rounded\"><figure class=\"aligncenter size-full is-resized\"><img loading=\"lazy\" src=\"http:\/\/lepontdigital.com\/wp-content\/uploads\/2022\/05\/hablemosbotonwa.png\" alt=\"\" class=\"wp-image-26\" width=\"128\" height=\"128\" srcset=\"https:\/\/lepontdigital.com\/wp-content\/uploads\/2022\/05\/hablemosbotonwa.png 512w, https:\/\/lepontdigital.com\/wp-content\/uploads\/2022\/05\/hablemosbotonwa-300x300.png 300w, https:\/\/lepontdigital.com\/wp-content\/uploads\/2022\/05\/hablemosbotonwa-150x150.png 150w\" sizes=\"(max-width: 128px) 100vw, 128px\" \/><\/figure><\/div>\n\n\n\n<h3 class=\"has-text-align-center has-neve-text-color-color has-text-color\">Hablemos<\/h3>\n\n\n\n<p class=\"has-text-align-center\">Asesor\u00eda inicial y presupuesto sin cargo. Comencemos hoy y da tu primer paso.<\/p>\n\n\n\n<div style=\"height:20px\" aria-hidden=\"true\" class=\"wp-block-spacer\"><\/div>\n<\/div>\n<\/div>\n\n\n\n<div style=\"height:80px\" aria-hidden=\"true\" class=\"wp-block-spacer\"><\/div>\n\n\n\n<div class=\"wp-block-cover alignfull\" style=\"min-height:600px\"><span aria-hidden=\"true\" class=\"has-nv-light-bg-background-color has-background-dim-100 wp-block-cover__gradient-background has-background-dim\"><\/span><div class=\"wp-block-cover__inner-container\">\n<div class=\"wp-container-3 wp-block-group\"><div class=\"wp-block-group__inner-container\">\n<div style=\"height:10px\" aria-hidden=\"true\" class=\"wp-block-spacer\"><\/div>\n\n\n\n<div class=\"wp-block-columns are-vertically-aligned-center\">\n<div class=\"wp-block-column is-vertically-aligned-center\" style=\"flex-basis:50%\">\n<figure class=\"wp-block-image size-large\"><img loading=\"lazy\" width=\"964\" height=\"1024\" src=\"https:\/\/lepontdigital.com\/wp-content\/uploads\/2023\/08\/WhatsApp-Image-2023-08-18-at-7.22.25-PM-964x1024.jpeg\" alt=\"\" class=\"wp-image-182\" srcset=\"https:\/\/lepontdigital.com\/wp-content\/uploads\/2023\/08\/WhatsApp-Image-2023-08-18-at-7.22.25-PM-964x1024.jpeg 964w, https:\/\/lepontdigital.com\/wp-content\/uploads\/2023\/08\/WhatsApp-Image-2023-08-18-at-7.22.25-PM-282x300.jpeg 282w, https:\/\/lepontdigital.com\/wp-content\/uploads\/2023\/08\/WhatsApp-Image-2023-08-18-at-7.22.25-PM-768x816.jpeg 768w, https:\/\/lepontdigital.com\/wp-content\/uploads\/2023\/08\/WhatsApp-Image-2023-08-18-at-7.22.25-PM.jpeg 1300w\" sizes=\"(max-width: 964px) 100vw, 964px\" \/><\/figure>\n<\/div>\n\n\n\n<div class=\"wp-block-column is-vertically-aligned-center\" style=\"flex-basis:50%\">\n<div style=\"height:20px\" aria-hidden=\"true\" class=\"wp-block-spacer\"><\/div>\n\n\n\n<h2 class=\"has-text-align-left has-neve-text-color-color has-text-color\">Web Design<\/h2>\n\n\n\n<p class=\"has-text-align-left has-neve-text-color-color has-text-color\" style=\"font-size:17px\">Desarrollo, dise\u00f1o y mantenimiento de sitios webs visualmente atractivos haciendo foco en la usabilidad y la experiencia de los usuarios para potenciar el trafico online de tu negocio.<\/p>\n\n\n\n<div class=\"wp-container-2 wp-block-buttons\">\n<div class=\"wp-block-button is-style-primary\"><a class=\"wp-block-button__link\" href=\"http:\/\/lepontdigital.com\/index.php\/hablemos\/\">HABLEMOS<\/a><\/div>\n<\/div>\n<\/div>\n<\/div>\n\n\n\n<div style=\"height:10px\" aria-hidden=\"true\" class=\"wp-block-spacer\"><\/div>\n<\/div><\/div>\n<\/div><\/div>\n\n\n\n<div class=\"wp-block-cover alignfull\" style=\"min-height:603px\"><span aria-hidden=\"true\" class=\"has-nv-site-bg-background-color has-background-dim-100 wp-block-cover__gradient-background has-background-dim\"><\/span><div class=\"wp-block-cover__inner-container\">\n<div class=\"wp-container-5 wp-block-group\"><div class=\"wp-block-group__inner-container\">\n<div style=\"height:10px\" aria-hidden=\"true\" class=\"wp-block-spacer\"><\/div>\n\n\n\n<div class=\"wp-block-columns are-vertically-aligned-center\">\n<div class=\"wp-block-column is-vertically-aligned-center\" style=\"flex-basis:50%\">\n<h2 class=\"has-text-align-left has-neve-text-color-color has-text-color\">Branding<\/h2>\n\n\n\n<p class=\"has-text-align-left has-neve-text-color-color has-text-color\" style=\"font-size:17px\">Desarrollo y dise\u00f1o estrat\u00e9gico de marcas, identidad gr\u00e1fica y piezas visuales de alto impacto para afianzar la comunicaci\u00f3n, la percepci\u00f3n y el posicionamiento competitivo de tu negocio.<\/p>\n\n\n\n<div class=\"wp-container-4 wp-block-buttons\">\n<div class=\"wp-block-button is-style-primary\"><a class=\"wp-block-button__link\" href=\"http:\/\/lepontdigital.com\/index.php\/hablemos\/\">HABLEMOS<\/a><\/div>\n<\/div>\n\n\n\n<div style=\"height:40px\" aria-hidden=\"true\" class=\"wp-block-spacer\"><\/div>\n<\/div>\n\n\n\n<div class=\"wp-block-column is-vertically-aligned-center\" style=\"flex-basis:50%\">\n<figure class=\"wp-block-image size-large\"><img loading=\"lazy\" width=\"964\" height=\"1024\" src=\"https:\/\/lepontdigital.com\/wp-content\/uploads\/2023\/08\/WhatsApp-Image-2023-08-18-at-7.15.42-PM-964x1024.jpeg\" alt=\"\" class=\"wp-image-180\" srcset=\"https:\/\/lepontdigital.com\/wp-content\/uploads\/2023\/08\/WhatsApp-Image-2023-08-18-at-7.15.42-PM-964x1024.jpeg 964w, https:\/\/lepontdigital.com\/wp-content\/uploads\/2023\/08\/WhatsApp-Image-2023-08-18-at-7.15.42-PM-282x300.jpeg 282w, https:\/\/lepontdigital.com\/wp-content\/uploads\/2023\/08\/WhatsApp-Image-2023-08-18-at-7.15.42-PM-768x816.jpeg 768w, https:\/\/lepontdigital.com\/wp-content\/uploads\/2023\/08\/WhatsApp-Image-2023-08-18-at-7.15.42-PM.jpeg 1300w\" sizes=\"(max-width: 964px) 100vw, 964px\" \/><\/figure>\n<\/div>\n<\/div>\n\n\n\n<div style=\"height:40px\" aria-hidden=\"true\" class=\"wp-block-spacer\"><\/div>\n<\/div><\/div>\n<\/div><\/div>\n\n\n\n<div class=\"wp-block-cover alignfull\" style=\"min-height:600px\"><span aria-hidden=\"true\" class=\"has-nv-dark-bg-background-color has-background-dim-100 wp-block-cover__gradient-background has-background-dim\"><\/span><div class=\"wp-block-cover__inner-container\">\n<div class=\"wp-container-7 wp-block-group\"><div class=\"wp-block-group__inner-container\">\n<div style=\"height:10px\" aria-hidden=\"true\" class=\"wp-block-spacer\"><\/div>\n\n\n\n<div class=\"wp-block-columns are-vertically-aligned-center\">\n<div class=\"wp-block-column is-vertically-aligned-center\" style=\"flex-basis:50%\">\n<figure class=\"wp-block-image size-full\"><img loading=\"lazy\" width=\"650\" height=\"434\" src=\"https:\/\/lepontdigital.com\/wp-content\/uploads\/2022\/07\/MOCKUPLEPONT2.jpg\" alt=\"\" class=\"wp-image-146\" srcset=\"https:\/\/lepontdigital.com\/wp-content\/uploads\/2022\/07\/MOCKUPLEPONT2.jpg 650w, https:\/\/lepontdigital.com\/wp-content\/uploads\/2022\/07\/MOCKUPLEPONT2-300x200.jpg 300w\" sizes=\"(max-width: 650px) 100vw, 650px\" \/><\/figure>\n<\/div>\n\n\n\n<div class=\"wp-block-column is-vertically-aligned-center\" style=\"flex-basis:50%\">\n<div style=\"height:40px\" aria-hidden=\"true\" class=\"wp-block-spacer\"><\/div>\n\n\n\n<h2 class=\"has-text-align-left has-nv-text-dark-bg-color has-text-color\">Dudas, consultas?<\/h2>\n\n\n\n<p class=\"has-text-align-left has-nv-text-dark-bg-color has-text-color\" style=\"font-size:17px\">Contactate para ver tu caso y necesidad particular.<br>Nosotros te asesoramos y buscamos la soluci\u00f3n m\u00e1s adecuada para vos.<\/p>\n\n\n\n<div class=\"wp-container-6 wp-block-buttons\">\n<div class=\"wp-block-button is-style-primary\"><a class=\"wp-block-button__link\" href=\"http:\/\/lepontdigital.com\/index.php\/hablemos\/\">HABLEMOS<\/a><\/div>\n<\/div>\n<\/div>\n<\/div>\n\n\n\n<div style=\"height:10px\" aria-hidden=\"true\" class=\"wp-block-spacer\"><\/div>\n<\/div><\/div>\n<\/div><\/div>\n\n\n\n<div style=\"height:10px\" aria-hidden=\"true\" class=\"wp-block-spacer\"><\/div>\n\n\n\n<div class=\"wp-block-cover alignfull\" style=\"min-height:600px\"><span aria-hidden=\"true\" class=\"has-nv-site-bg-background-color has-background-dim-100 wp-block-cover__gradient-background has-background-dim\"><\/span><div class=\"wp-block-cover__inner-container\">\n<div class=\"wp-container-9 wp-block-group\"><div class=\"wp-block-group__inner-container\">\n<div style=\"height:10px\" aria-hidden=\"true\" class=\"wp-block-spacer\"><\/div>\n\n\n\n<h2 class=\"has-neve-text-color-color has-text-color\">Portfolio Online<\/h2>\n\n\n\n<div style=\"height:20px\" aria-hidden=\"true\" class=\"wp-block-spacer\"><\/div>\n\n\n\n<div class=\"wp-block-columns are-vertically-aligned-center\">\n<div class=\"wp-block-column is-vertically-aligned-center\" style=\"flex-basis:50%\">\n<figure class=\"wp-block-image size-full\"><img loading=\"lazy\" width=\"800\" height=\"800\" src=\"http:\/\/lepontdigital.com\/wp-content\/uploads\/2022\/06\/portfolio2.jpg\" alt=\"\" class=\"wp-image-60\" srcset=\"https:\/\/lepontdigital.com\/wp-content\/uploads\/2022\/06\/portfolio2.jpg 800w, https:\/\/lepontdigital.com\/wp-content\/uploads\/2022\/06\/portfolio2-300x300.jpg 300w, https:\/\/lepontdigital.com\/wp-content\/uploads\/2022\/06\/portfolio2-150x150.jpg 150w, https:\/\/lepontdigital.com\/wp-content\/uploads\/2022\/06\/portfolio2-768x768.jpg 768w\" sizes=\"(max-width: 800px) 100vw, 800px\" \/><\/figure>\n\n\n\n<div style=\"height:40px\" aria-hidden=\"true\" class=\"wp-block-spacer\"><\/div>\n<\/div>\n\n\n\n<div class=\"wp-block-column is-vertically-aligned-center\" style=\"flex-basis:50%\">\n<figure class=\"wp-block-image size-full\"><img loading=\"lazy\" width=\"800\" height=\"800\" src=\"http:\/\/lepontdigital.com\/wp-content\/uploads\/2022\/06\/portfolio1.jpg\" alt=\"\" class=\"wp-image-61\" srcset=\"https:\/\/lepontdigital.com\/wp-content\/uploads\/2022\/06\/portfolio1.jpg 800w, https:\/\/lepontdigital.com\/wp-content\/uploads\/2022\/06\/portfolio1-300x300.jpg 300w, https:\/\/lepontdigital.com\/wp-content\/uploads\/2022\/06\/portfolio1-150x150.jpg 150w, https:\/\/lepontdigital.com\/wp-content\/uploads\/2022\/06\/portfolio1-768x768.jpg 768w\" sizes=\"(max-width: 800px) 100vw, 800px\" \/><\/figure>\n\n\n\n<div style=\"height:40px\" aria-hidden=\"true\" class=\"wp-block-spacer\"><\/div>\n<\/div>\n<\/div>\n\n\n\n<div class=\"wp-container-8 wp-block-buttons alignwide\">\n<div class=\"wp-block-button aligncenter\"><a class=\"wp-block-button__link\" href=\"http:\/\/lepontdigital.com\/index.php\/hacemos\/\">Ver trabajos<\/a><\/div>\n<\/div>\n\n\n\n<div style=\"height:80px\" aria-hidden=\"true\" class=\"wp-block-spacer\"><\/div>\n<\/div><\/div>\n<\/div><\/div>\n\n\n\n<div class=\"wp-block-cover alignfull\" style=\"min-height:420px\"><span aria-hidden=\"true\" class=\"has-nv-light-bg-background-color has-background-dim-100 wp-block-cover__gradient-background has-background-dim\"><\/span><div class=\"wp-block-cover__inner-container\">\n<div style=\"height:18px\" aria-hidden=\"true\" class=\"wp-block-spacer\"><\/div>\n\n\n\n<div class=\"wp-block-columns\">\n<div class=\"wp-block-column\">\n<figure class=\"wp-block-image size-full is-resized is-style-rounded\"><img loading=\"lazy\" src=\"http:\/\/lepontdigital.com\/wp-content\/uploads\/2022\/06\/nicok.png\" alt=\"\" class=\"wp-image-57\" width=\"90\" height=\"90\"\/><\/figure>\n\n\n\n<p class=\"has-text-align-left has-neve-text-color-color has-text-color has-normal-font-size\">&#8220;El servicio que brinda es excelente, siempre que he necesitado alg\u00fan dise\u00f1o o trabajo, ha cumplido y con creces, s\u00faper recomendable!&#8221;<\/p>\n\n\n\n<p class=\"has-neve-text-color-color has-text-color\">NICOLAS K.<\/p>\n\n\n\n<div style=\"height:20px\" aria-hidden=\"true\" class=\"wp-block-spacer\"><\/div>\n<\/div>\n\n\n\n<div class=\"wp-block-column\">\n<figure class=\"wp-block-image size-full is-resized is-style-rounded\"><img loading=\"lazy\" src=\"http:\/\/lepontdigital.com\/wp-content\/uploads\/2022\/06\/rafaelb.png\" alt=\"\" class=\"wp-image-55\" width=\"90\" height=\"90\"\/><\/figure>\n\n\n\n<p class=\"has-text-align-left has-neve-text-color-color has-text-color has-normal-font-size\">\u201cUn Gran Profesional! Estoy encantado con mi Pagina Web Site y los dise\u00f1os gr\u00e1ficos que me realiza Le Pont Digital\u201d<\/p>\n\n\n\n<p class=\"has-neve-text-color-color has-text-color\">RAFAEL B.<\/p>\n\n\n\n<div style=\"height:20px\" aria-hidden=\"true\" class=\"wp-block-spacer\"><\/div>\n<\/div>\n\n\n\n<div class=\"wp-block-column\">\n<figure class=\"wp-block-image size-full is-resized is-style-rounded\"><img loading=\"lazy\" src=\"http:\/\/lepontdigital.com\/wp-content\/uploads\/2022\/06\/samarh.png\" alt=\"\" class=\"wp-image-56\" width=\"90\" height=\"90\"\/><\/figure>\n\n\n\n<p class=\"has-text-align-left has-neve-text-color-color has-text-color has-normal-font-size\">\u201cExcelente todo! Interpreto lo que necesit\u00e1bamos y lo resolvi\u00f3 super r\u00e1pido! Recomiendo los servicios que ofrecen!\u201d<\/p>\n\n\n\n<p class=\"has-neve-text-color-color has-text-color\">SAMAR H.<\/p>\n\n\n\n<div style=\"height:20px\" aria-hidden=\"true\" class=\"wp-block-spacer\"><\/div>\n<\/div>\n<\/div>\n\n\n\n<div style=\"height:10px\" aria-hidden=\"true\" class=\"wp-block-spacer\"><\/div>\n<\/div><\/div>\n","protected":false},"excerpt":{"rendered":"<p>Somos Profesionales del Dise\u00f1o,Curiosos y apasionados por lo que hacemos. Hacemos Identidad visual, Experiencias de usuario, Webs atractivas y publicaciones impactantes. \u00bfC\u00f3mo? Investigamos, Asesoramos y resolvemos sobre cada caso en particular. Hablemos Asesor\u00eda inicial y presupuesto sin cargo. Comencemos hoy y da tu primer paso.<\/p>\n","protected":false},"author":1,"featured_media":0,"parent":0,"menu_order":0,"comment_status":"closed","ping_status":"closed","template":"","meta":{"om_disable_all_campaigns":false,"_monsterinsights_skip_tracking":false,"_monsterinsights_sitenote_active":false,"_monsterinsights_sitenote_note":"","_monsterinsights_sitenote_category":0,"neve_meta_sidebar":"","neve_meta_container":"","neve_meta_enable_content_width":"on","neve_meta_content_width":100,"neve_meta_title_alignment":"","neve_meta_author_avatar":"","neve_post_elements_order":"","neve_meta_disable_header":"","neve_meta_disable_footer":"","neve_meta_disable_title":"on"},"_links":{"self":[{"href":"https:\/\/lepontdigital.com\/index.php\/wp-json\/wp\/v2\/pages\/6"}],"collection":[{"href":"https:\/\/lepontdigital.com\/index.php\/wp-json\/wp\/v2\/pages"}],"about":[{"href":"https:\/\/lepontdigital.com\/index.php\/wp-json\/wp\/v2\/types\/page"}],"author":[{"embeddable":true,"href":"https:\/\/lepontdigital.com\/index.php\/wp-json\/wp\/v2\/users\/1"}],"replies":[{"embeddable":true,"href":"https:\/\/lepontdigital.com\/index.php\/wp-json\/wp\/v2\/comments?post=6"}],"version-history":[{"count":39,"href":"https:\/\/lepontdigital.com\/index.php\/wp-json\/wp\/v2\/pages\/6\/revisions"}],"predecessor-version":[{"id":198,"href":"https:\/\/lepontdigital.com\/index.php\/wp-json\/wp\/v2\/pages\/6\/revisions\/198"}],"wp:attachment":[{"href":"https:\/\/lepontdigital.com\/index.php\/wp-json\/wp\/v2\/media?parent=6"}],"curies":[{"name":"wp","href":"https:\/\/api.w.org\/{rel}","templated":true}]}}